{"id":2396,"date":"2017-02-28T12:34:55","date_gmt":"2017-02-28T11:34:55","guid":{"rendered":"http:\/\/www.iucuellar.org\/?page_id=2396"},"modified":"2023-09-22T10:38:47","modified_gmt":"2023-09-22T08:38:47","slug":"enlaces","status":"publish","type":"page","link":"https:\/\/www.iucuellar.org\/?page_id=2396","title":{"rendered":"ENLACES"},"content":{"rendered":"<p>Aqui os dejamos enlaces a otras agrupaciones de Izquierda Unida y a algunos medios de comunicaci\u00f3n. Pincha sobre las im\u00e1genes para acceder a sus correspondientes p\u00e1ginas web.<\/p>\n<p><a href=\"https:\/\/iusegovia.es\/sg\/\" target=\"_blank\" rel=\"noopener\"><img loading=\"lazy\" decoding=\"async\" class=\"wp-image-3679 alignnone\" src=\"https:\/\/i0.wp.com\/www.iucuellar.org\/public\/2021\/09\/127522564_1464799180391149_9027577919994335611_n.jpeg?resize=109%2C109&#038;ssl=1\" alt=\"\" width=\"109\" height=\"109\" srcset=\"https:\/\/i0.wp.com\/www.iucuellar.org\/public\/2021\/09\/127522564_1464799180391149_9027577919994335611_n.jpeg?w=1080&amp;ssl=1 1080w, https:\/\/i0.wp.com\/www.iucuellar.org\/public\/2021\/09\/127522564_1464799180391149_9027577919994335611_n.jpeg?resize=300%2C300&amp;ssl=1 300w, https:\/\/i0.wp.com\/www.iucuellar.org\/public\/2021\/09\/127522564_1464799180391149_9027577919994335611_n.jpeg?resize=1024%2C1024&amp;ssl=1 1024w, https:\/\/i0.wp.com\/www.iucuellar.org\/public\/2021\/09\/127522564_1464799180391149_9027577919994335611_n.jpeg?resize=150%2C150&amp;ssl=1 150w, https:\/\/i0.wp.com\/www.iucuellar.org\/public\/2021\/09\/127522564_1464799180391149_9027577919994335611_n.jpeg?resize=768%2C768&amp;ssl=1 768w\" sizes=\"(max-width: 109px) 100vw, 109px\" data-recalc-dims=\"1\" \/><\/a>&nbsp; &nbsp; &nbsp;<a href=\"https:\/\/iusegovia.es\/sg\/category\/municipios\/el-espinar\/\" target=\"_blank\" rel=\"noopener\"><span style=\"font-size: inherit;\"><img loading=\"lazy\" decoding=\"async\" class=\"wp-image-3681 alignnone\" src=\"https:\/\/i0.wp.com\/www.iucuellar.org\/public\/2021\/09\/186482585_4234663753213395_6073549406089080651_n.png?resize=110%2C110&#038;ssl=1\" alt=\"\" width=\"110\" height=\"110\" srcset=\"https:\/\/i0.wp.com\/www.iucuellar.org\/public\/2021\/09\/186482585_4234663753213395_6073549406089080651_n.png?w=1079&amp;ssl=1 1079w, https:\/\/i0.wp.com\/www.iucuellar.org\/public\/2021\/09\/186482585_4234663753213395_6073549406089080651_n.png?resize=300%2C300&amp;ssl=1 300w, https:\/\/i0.wp.com\/www.iucuellar.org\/public\/2021\/09\/186482585_4234663753213395_6073549406089080651_n.png?resize=1024%2C1024&amp;ssl=1 1024w, https:\/\/i0.wp.com\/www.iucuellar.org\/public\/2021\/09\/186482585_4234663753213395_6073549406089080651_n.png?resize=150%2C150&amp;ssl=1 150w, https:\/\/i0.wp.com\/www.iucuellar.org\/public\/2021\/09\/186482585_4234663753213395_6073549406089080651_n.png?resize=768%2C768&amp;ssl=1 768w\" sizes=\"(max-width: 110px) 100vw, 110px\" data-recalc-dims=\"1\" \/> <\/span><\/a><span style=\"font-size: inherit;\">&nbsp; &nbsp; <a href=\"https:\/\/iusegovia.es\/sg\/category\/municipios\/san-ildefonso\/\" target=\"_blank\" rel=\"noopener\"><img loading=\"lazy\" decoding=\"async\" class=\"wp-image-3686 alignnone\" src=\"https:\/\/i0.wp.com\/www.iucuellar.org\/public\/2021\/09\/187808526_4559916507358321_3692935450306907984_n.png?resize=112%2C112&#038;ssl=1\" alt=\"\" width=\"112\" height=\"112\" srcset=\"https:\/\/i0.wp.com\/www.iucuellar.org\/public\/2021\/09\/187808526_4559916507358321_3692935450306907984_n.png?w=1079&amp;ssl=1 1079w, https:\/\/i0.wp.com\/www.iucuellar.org\/public\/2021\/09\/187808526_4559916507358321_3692935450306907984_n.png?resize=300%2C300&amp;ssl=1 300w, https:\/\/i0.wp.com\/www.iucuellar.org\/public\/2021\/09\/187808526_4559916507358321_3692935450306907984_n.png?resize=1024%2C1024&amp;ssl=1 1024w, https:\/\/i0.wp.com\/www.iucuellar.org\/public\/2021\/09\/187808526_4559916507358321_3692935450306907984_n.png?resize=150%2C150&amp;ssl=1 150w, https:\/\/i0.wp.com\/www.iucuellar.org\/public\/2021\/09\/187808526_4559916507358321_3692935450306907984_n.png?resize=768%2C768&amp;ssl=1 768w\" sizes=\"(max-width: 112px) 100vw, 112px\" data-recalc-dims=\"1\" \/><\/a><\/span><\/p>\n<p>&nbsp;<\/p>\n<p>&nbsp; &nbsp;<a href=\"https:\/\/www.facebook.com\/iunavasdeoro\/\" target=\"_blank\" rel=\"noopener noreferrer\" class=\"broken_link\"><img loading=\"lazy\" decoding=\"async\" class=\"wp-image-2401 alignnone\" src=\"https:\/\/i0.wp.com\/www.iucuellar.org\/public\/2017\/02\/IU_logo_navas-de-oro.jpg?resize=303%2C101&#038;ssl=1\" alt=\"\" width=\"303\" height=\"101\" srcset=\"https:\/\/i0.wp.com\/www.iucuellar.org\/public\/2017\/02\/IU_logo_navas-de-oro.jpg?w=787&amp;ssl=1 787w, https:\/\/i0.wp.com\/www.iucuellar.org\/public\/2017\/02\/IU_logo_navas-de-oro.jpg?resize=300%2C100&amp;ssl=1 300w, https:\/\/i0.wp.com\/www.iucuellar.org\/public\/2017\/02\/IU_logo_navas-de-oro.jpg?resize=768%2C256&amp;ssl=1 768w\" sizes=\"(max-width: 303px) 100vw, 303px\" data-recalc-dims=\"1\" \/><\/a><\/p>\n<p>&nbsp;<\/p>\n<p><a href=\"http:\/\/www.iucyl.es\" target=\"_blank\" rel=\"noopener noreferrer\"><img loading=\"lazy\" decoding=\"async\" class=\"alignleft wp-image-3486\" src=\"https:\/\/i0.wp.com\/www.iucuellar.org\/public\/2020\/11\/LogoIUcyl.png?resize=146%2C146&#038;ssl=1\" alt=\"\" width=\"146\" height=\"146\" srcset=\"https:\/\/i0.wp.com\/www.iucuellar.org\/public\/2020\/11\/LogoIUcyl.png?w=225&amp;ssl=1 225w, https:\/\/i0.wp.com\/www.iucuellar.org\/public\/2020\/11\/LogoIUcyl.png?resize=150%2C150&amp;ssl=1 150w\" sizes=\"(max-width: 146px) 100vw, 146px\" data-recalc-dims=\"1\" \/><\/a><span style=\"font-size: inherit;\">&nbsp; &nbsp;&nbsp;<\/span><a style=\"font-size: inherit;\" href=\"https:\/\/iusanildefonso.wordpress.com\/\" target=\"_blank\" rel=\"noopener noreferrer\"> &nbsp; &nbsp; &nbsp;<\/a><a style=\"font-size: inherit;\" href=\"http:\/\/www.izquierda-unida.es\/\" target=\"_blank\" rel=\"noopener noreferrer\"><img loading=\"lazy\" decoding=\"async\" class=\"alignnone\" src=\"https:\/\/i0.wp.com\/iucuellar.org\/images\/logo_IU.png?resize=191%2C146\" width=\"191\" height=\"146\"  data-recalc-dims=\"1\"><\/a><span style=\"font-size: inherit;\">&nbsp; &nbsp; &nbsp; &nbsp; &nbsp; &nbsp;<\/span><\/p>\n<p><span style=\"font-size: inherit;\"> &nbsp; &nbsp; &nbsp; &nbsp;<\/span><\/p>\n<p>&nbsp; &nbsp; &nbsp; &nbsp; &nbsp; &nbsp; &nbsp; &nbsp;<a href=\"http:\/\/www.pce.es\/\" target=\"_blank\" rel=\"noopener noreferrer\"><img loading=\"lazy\" decoding=\"async\" class=\"alignnone\" src=\"https:\/\/i0.wp.com\/iucuellar.org\/images\/logo-pce.jpg?resize=113%2C85\" width=\"113\" height=\"85\"  data-recalc-dims=\"1\"><\/a>&nbsp;&nbsp;&nbsp;&nbsp;&nbsp;&nbsp;&nbsp;&nbsp;&nbsp;&nbsp;&nbsp;&nbsp;&nbsp;&nbsp;&nbsp;&nbsp;&nbsp;&nbsp;&nbsp;&nbsp;&nbsp;&nbsp;&nbsp;&nbsp;&nbsp;&nbsp;&nbsp;&nbsp;&nbsp;&nbsp;&nbsp;&nbsp;&nbsp;&nbsp;&nbsp;&nbsp;&nbsp;&nbsp;&nbsp;&nbsp;&nbsp;&nbsp;&nbsp;&nbsp;&nbsp;&nbsp;&nbsp;&nbsp; <a href=\"http:\/\/foromemoriasegovia.blogspot.com.es\/\" target=\"_blank\" rel=\"noopener noreferrer\"><img loading=\"lazy\" decoding=\"async\" class=\"alignnone \" src=\"https:\/\/i0.wp.com\/iucuellar.org\/images\/logo_ForoMemoriaSegovia.jpg?resize=114%2C114\" width=\"114\" height=\"114\"  data-recalc-dims=\"1\"><\/a><\/p>\n<p><a href=\"https:\/\/www.mundoobrero.es\/\" target=\"_blank\" rel=\"noopener\"><img loading=\"lazy\" decoding=\"async\" class=\"aligncenter size-full wp-image-3690\" src=\"https:\/\/i0.wp.com\/www.iucuellar.org\/public\/2021\/09\/descarga.png?resize=374%2C135&#038;ssl=1\" alt=\"\" width=\"374\" height=\"135\" srcset=\"https:\/\/i0.wp.com\/www.iucuellar.org\/public\/2021\/09\/descarga.png?w=374&amp;ssl=1 374w, https:\/\/i0.wp.com\/www.iucuellar.org\/public\/2021\/09\/descarga.png?resize=300%2C108&amp;ssl=1 300w\" sizes=\"(max-width: 374px) 100vw, 374px\" data-recalc-dims=\"1\" \/><\/a><\/p>\n<p><a href=\"https:\/\/movimientodemocraticodemujeres.wordpress.com\/\" target=\"_blank\" rel=\"noopener noreferrer\"><img loading=\"lazy\" decoding=\"async\" class=\"aligncenter\" src=\"https:\/\/i0.wp.com\/iucuellar.org\/images\/logo_mdm.jpg?resize=152%2C152\" width=\"152\" height=\"152\"  data-recalc-dims=\"1\"><\/a><\/p>\n","protected":false},"excerpt":{"rendered":"<p>Aqui os dejamos enlaces a otras agrupaciones de Izquierda Unida y a algunos medios de comunicaci\u00f3n. Pincha sobre las im\u00e1genes<\/p>\n","protected":false},"author":1,"featured_media":0,"parent":0,"menu_order":0,"comment_status":"closed","ping_status":"closed","template":"","meta":{"sfsi_plus_gutenberg_text_before_share":"","sfsi_plus_gutenberg_show_text_before_share":"","sfsi_plus_gutenberg_icon_type":"","sfsi_plus_gutenberg_icon_alignemt":"","sfsi_plus_gutenburg_max_per_row":"","_exactmetrics_skip_tracking":false,"_exactmetrics_sitenote_active":false,"_exactmetrics_sitenote_note":"","_exactmetrics_sitenote_category":0,"ngg_post_thumbnail":0,"footnotes":""},"yoast_head":"<!-- This site is optimized with the Yoast SEO plugin v22.9 - https:\/\/yoast.com\/wordpress\/plugins\/seo\/ -->\r\n<title>ENLACES - Izquierda Unida Cu\u00e9llar<\/title>\r\n<meta name=\"description\" content=\"En esta pagina podr\u00e1s encontrar varios enlaces de otras agrupaciones de IU y de medios de comunicaci\u00f3n, que pueden ser de vuestro inter\u00e9s.\" \/>\r\n<meta name=\"robots\" content=\"index, follow, max-snippet:-1, max-image-preview:large, max-video-preview:-1\" \/>\r\n<link rel=\"canonical\" href=\"https:\/\/www.iucuellar.org\/?page_id=2396\" \/>\r\n<meta property=\"og:locale\" content=\"es_ES\" \/>\r\n<meta property=\"og:type\" content=\"article\" \/>\r\n<meta property=\"og:title\" content=\"ENLACES - Izquierda Unida Cu\u00e9llar\" \/>\r\n<meta property=\"og:description\" content=\"En esta pagina podr\u00e1s encontrar varios enlaces de otras agrupaciones de IU y de medios de comunicaci\u00f3n, que pueden ser de vuestro inter\u00e9s.\" \/>\r\n<meta property=\"og:url\" content=\"https:\/\/www.iucuellar.org\/?page_id=2396\" \/>\r\n<meta property=\"og:site_name\" content=\"Izquierda Unida Cu\u00e9llar\" \/>\r\n<meta property=\"article:publisher\" content=\"https:\/\/www.facebook.com\/iucuellar\" \/>\r\n<meta property=\"article:modified_time\" content=\"2023-09-22T08:38:47+00:00\" \/>\r\n<meta property=\"og:image\" content=\"https:\/\/www.iucuellar.org\/public\/2021\/09\/127522564_1464799180391149_9027577919994335611_n.jpeg\" \/>\r\n<meta name=\"twitter:card\" content=\"summary_large_image\" \/>\r\n<meta name=\"twitter:site\" content=\"@IU_CUELLAR\" \/>\r\n<meta name=\"twitter:label1\" content=\"Tiempo de lectura\" \/>\n\t<meta name=\"twitter:data1\" content=\"3 minutos\" \/>\r\n<script type=\"application\/ld+json\" class=\"yoast-schema-graph\">{\"@context\":\"https:\/\/schema.org\",\"@graph\":[{\"@type\":\"WebPage\",\"@id\":\"https:\/\/www.iucuellar.org\/?page_id=2396\",\"url\":\"https:\/\/www.iucuellar.org\/?page_id=2396\",\"name\":\"ENLACES - Izquierda Unida Cu\u00e9llar\",\"isPartOf\":{\"@id\":\"https:\/\/www.iucuellar.org\/#website\"},\"primaryImageOfPage\":{\"@id\":\"https:\/\/www.iucuellar.org\/?page_id=2396#primaryimage\"},\"image\":{\"@id\":\"https:\/\/www.iucuellar.org\/?page_id=2396#primaryimage\"},\"thumbnailUrl\":\"https:\/\/www.iucuellar.org\/public\/2021\/09\/127522564_1464799180391149_9027577919994335611_n.jpeg\",\"datePublished\":\"2017-02-28T11:34:55+00:00\",\"dateModified\":\"2023-09-22T08:38:47+00:00\",\"description\":\"En esta pagina podr\u00e1s encontrar varios enlaces de otras agrupaciones de IU y de medios de comunicaci\u00f3n, que pueden ser de vuestro inter\u00e9s.\",\"breadcrumb\":{\"@id\":\"https:\/\/www.iucuellar.org\/?page_id=2396#breadcrumb\"},\"inLanguage\":\"es\",\"potentialAction\":[{\"@type\":\"ReadAction\",\"target\":[\"https:\/\/www.iucuellar.org\/?page_id=2396\"]}]},{\"@type\":\"ImageObject\",\"inLanguage\":\"es\",\"@id\":\"https:\/\/www.iucuellar.org\/?page_id=2396#primaryimage\",\"url\":\"https:\/\/i0.wp.com\/www.iucuellar.org\/public\/2021\/09\/127522564_1464799180391149_9027577919994335611_n.jpeg?fit=1080%2C1080&ssl=1\",\"contentUrl\":\"https:\/\/i0.wp.com\/www.iucuellar.org\/public\/2021\/09\/127522564_1464799180391149_9027577919994335611_n.jpeg?fit=1080%2C1080&ssl=1\",\"width\":1080,\"height\":1080},{\"@type\":\"BreadcrumbList\",\"@id\":\"https:\/\/www.iucuellar.org\/?page_id=2396#breadcrumb\",\"itemListElement\":[{\"@type\":\"ListItem\",\"position\":1,\"name\":\"Inicio\",\"item\":\"https:\/\/www.iucuellar.org\/\"},{\"@type\":\"ListItem\",\"position\":2,\"name\":\"ENLACES\"}]},{\"@type\":\"WebSite\",\"@id\":\"https:\/\/www.iucuellar.org\/#website\",\"url\":\"https:\/\/www.iucuellar.org\/\",\"name\":\"Izquierda Unida Cu\u00e9llar y Comarca\",\"description\":\"Lugar de opini\u00f3n y discusi\u00f3n de la izquierda\",\"publisher\":{\"@id\":\"https:\/\/www.iucuellar.org\/#organization\"},\"potentialAction\":[{\"@type\":\"SearchAction\",\"target\":{\"@type\":\"EntryPoint\",\"urlTemplate\":\"https:\/\/www.iucuellar.org\/?s={search_term_string}\"},\"query-input\":\"required name=search_term_string\"}],\"inLanguage\":\"es\"},{\"@type\":\"Organization\",\"@id\":\"https:\/\/www.iucuellar.org\/#organization\",\"name\":\"IU CUELLAR\",\"url\":\"https:\/\/www.iucuellar.org\/\",\"logo\":{\"@type\":\"ImageObject\",\"inLanguage\":\"es\",\"@id\":\"https:\/\/www.iucuellar.org\/#\/schema\/logo\/image\/\",\"url\":\"https:\/\/i0.wp.com\/www.iucuellar.org\/public\/2022\/07\/cropped-avatar_redondo_Twitter.png?fit=512%2C512&ssl=1\",\"contentUrl\":\"https:\/\/i0.wp.com\/www.iucuellar.org\/public\/2022\/07\/cropped-avatar_redondo_Twitter.png?fit=512%2C512&ssl=1\",\"width\":512,\"height\":512,\"caption\":\"IU CUELLAR\"},\"image\":{\"@id\":\"https:\/\/www.iucuellar.org\/#\/schema\/logo\/image\/\"},\"sameAs\":[\"https:\/\/www.facebook.com\/iucuellar\",\"https:\/\/x.com\/IU_CUELLAR\",\"https:\/\/www.instagram.com\/iucuellar\/\",\"https:\/\/www.threads.net\/@iucuellar\"]}]}<\/script>\r\n<!-- \/ Yoast SEO plugin. -->","yoast_head_json":{"title":"ENLACES - Izquierda Unida Cu\u00e9llar","description":"En esta pagina podr\u00e1s encontrar varios enlaces de otras agrupaciones de IU y de medios de comunicaci\u00f3n, que pueden ser de vuestro inter\u00e9s.","robots":{"index":"index","follow":"follow","max-snippet":"max-snippet:-1","max-image-preview":"max-image-preview:large","max-video-preview":"max-video-preview:-1"},"canonical":"https:\/\/www.iucuellar.org\/?page_id=2396","og_locale":"es_ES","og_type":"article","og_title":"ENLACES - Izquierda Unida Cu\u00e9llar","og_description":"En esta pagina podr\u00e1s encontrar varios enlaces de otras agrupaciones de IU y de medios de comunicaci\u00f3n, que pueden ser de vuestro inter\u00e9s.","og_url":"https:\/\/www.iucuellar.org\/?page_id=2396","og_site_name":"Izquierda Unida Cu\u00e9llar","article_publisher":"https:\/\/www.facebook.com\/iucuellar","article_modified_time":"2023-09-22T08:38:47+00:00","og_image":[{"url":"https:\/\/www.iucuellar.org\/public\/2021\/09\/127522564_1464799180391149_9027577919994335611_n.jpeg"}],"twitter_card":"summary_large_image","twitter_site":"@IU_CUELLAR","twitter_misc":{"Tiempo de lectura":"3 minutos"},"schema":{"@context":"https:\/\/schema.org","@graph":[{"@type":"WebPage","@id":"https:\/\/www.iucuellar.org\/?page_id=2396","url":"https:\/\/www.iucuellar.org\/?page_id=2396","name":"ENLACES - Izquierda Unida Cu\u00e9llar","isPartOf":{"@id":"https:\/\/www.iucuellar.org\/#website"},"primaryImageOfPage":{"@id":"https:\/\/www.iucuellar.org\/?page_id=2396#primaryimage"},"image":{"@id":"https:\/\/www.iucuellar.org\/?page_id=2396#primaryimage"},"thumbnailUrl":"https:\/\/www.iucuellar.org\/public\/2021\/09\/127522564_1464799180391149_9027577919994335611_n.jpeg","datePublished":"2017-02-28T11:34:55+00:00","dateModified":"2023-09-22T08:38:47+00:00","description":"En esta pagina podr\u00e1s encontrar varios enlaces de otras agrupaciones de IU y de medios de comunicaci\u00f3n, que pueden ser de vuestro inter\u00e9s.","breadcrumb":{"@id":"https:\/\/www.iucuellar.org\/?page_id=2396#breadcrumb"},"inLanguage":"es","potentialAction":[{"@type":"ReadAction","target":["https:\/\/www.iucuellar.org\/?page_id=2396"]}]},{"@type":"ImageObject","inLanguage":"es","@id":"https:\/\/www.iucuellar.org\/?page_id=2396#primaryimage","url":"https:\/\/i0.wp.com\/www.iucuellar.org\/public\/2021\/09\/127522564_1464799180391149_9027577919994335611_n.jpeg?fit=1080%2C1080&ssl=1","contentUrl":"https:\/\/i0.wp.com\/www.iucuellar.org\/public\/2021\/09\/127522564_1464799180391149_9027577919994335611_n.jpeg?fit=1080%2C1080&ssl=1","width":1080,"height":1080},{"@type":"BreadcrumbList","@id":"https:\/\/www.iucuellar.org\/?page_id=2396#breadcrumb","itemListElement":[{"@type":"ListItem","position":1,"name":"Inicio","item":"https:\/\/www.iucuellar.org\/"},{"@type":"ListItem","position":2,"name":"ENLACES"}]},{"@type":"WebSite","@id":"https:\/\/www.iucuellar.org\/#website","url":"https:\/\/www.iucuellar.org\/","name":"Izquierda Unida Cu\u00e9llar y Comarca","description":"Lugar de opini\u00f3n y discusi\u00f3n de la izquierda","publisher":{"@id":"https:\/\/www.iucuellar.org\/#organization"},"potentialAction":[{"@type":"SearchAction","target":{"@type":"EntryPoint","urlTemplate":"https:\/\/www.iucuellar.org\/?s={search_term_string}"},"query-input":"required name=search_term_string"}],"inLanguage":"es"},{"@type":"Organization","@id":"https:\/\/www.iucuellar.org\/#organization","name":"IU CUELLAR","url":"https:\/\/www.iucuellar.org\/","logo":{"@type":"ImageObject","inLanguage":"es","@id":"https:\/\/www.iucuellar.org\/#\/schema\/logo\/image\/","url":"https:\/\/i0.wp.com\/www.iucuellar.org\/public\/2022\/07\/cropped-avatar_redondo_Twitter.png?fit=512%2C512&ssl=1","contentUrl":"https:\/\/i0.wp.com\/www.iucuellar.org\/public\/2022\/07\/cropped-avatar_redondo_Twitter.png?fit=512%2C512&ssl=1","width":512,"height":512,"caption":"IU CUELLAR"},"image":{"@id":"https:\/\/www.iucuellar.org\/#\/schema\/logo\/image\/"},"sameAs":["https:\/\/www.facebook.com\/iucuellar","https:\/\/x.com\/IU_CUELLAR","https:\/\/www.instagram.com\/iucuellar\/","https:\/\/www.threads.net\/@iucuellar"]}]}},"jetpack_sharing_enabled":true,"jetpack_shortlink":"https:\/\/wp.me\/P8rn8P-CE","_links":{"self":[{"href":"https:\/\/www.iucuellar.org\/index.php?rest_route=\/wp\/v2\/pages\/2396"}],"collection":[{"href":"https:\/\/www.iucuellar.org\/index.php?rest_route=\/wp\/v2\/pages"}],"about":[{"href":"https:\/\/www.iucuellar.org\/index.php?rest_route=\/wp\/v2\/types\/page"}],"author":[{"embeddable":true,"href":"https:\/\/www.iucuellar.org\/index.php?rest_route=\/wp\/v2\/users\/1"}],"replies":[{"embeddable":true,"href":"https:\/\/www.iucuellar.org\/index.php?rest_route=%2Fwp%2Fv2%2Fcomments&post=2396"}],"version-history":[{"count":54,"href":"https:\/\/www.iucuellar.org\/index.php?rest_route=\/wp\/v2\/pages\/2396\/revisions"}],"predecessor-version":[{"id":3691,"href":"https:\/\/www.iucuellar.org\/index.php?rest_route=\/wp\/v2\/pages\/2396\/revisions\/3691"}],"wp:attachment":[{"href":"https:\/\/www.iucuellar.org\/index.php?rest_route=%2Fwp%2Fv2%2Fmedia&parent=2396"}],"curies":[{"name":"wp","href":"https:\/\/api.w.org\/{rel}","templated":true}]}}