{"id":2882,"date":"2018-05-09T17:37:07","date_gmt":"2018-05-09T16:37:07","guid":{"rendered":"http:\/\/www.iucuellar.org\/?page_id=2882"},"modified":"2023-09-22T10:43:21","modified_gmt":"2023-09-22T08:43:21","slug":"simpatizantes","status":"publish","type":"page","link":"https:\/\/www.iucuellar.org\/?page_id=2882","title":{"rendered":"SIMPATIZANTES"},"content":{"rendered":"<p>Si&nbsp; quieres inscribirte como simpatizante de Izquierda Unida pincha en la imagen inferior, y se abrir\u00e1 un formulario para cumplimentar<\/p>\n<p><a href=\"https:\/\/militancia.izquierdaunida.org\/alta_simpatizante\" target=\"_blank\" rel=\"noopener\"><img loading=\"lazy\" decoding=\"async\" class=\"aligncenter size-full wp-image-3692\" src=\"https:\/\/i0.wp.com\/www.iucuellar.org\/public\/2021\/09\/unnamed.png?resize=300%2C154&#038;ssl=1\" alt=\"\" width=\"300\" height=\"154\"  data-recalc-dims=\"1\"><\/a><\/p>\n<p>&nbsp;<\/p>\n","protected":false},"excerpt":{"rendered":"<p>Si&nbsp; quieres inscribirte como simpatizante de Izquierda Unida pincha en la imagen inferior, y se abrir\u00e1 un formulario para cumplimentar<\/p>\n","protected":false},"author":1,"featured_media":0,"parent":0,"menu_order":0,"comment_status":"closed","ping_status":"closed","template":"","meta":{"sfsi_plus_gutenberg_text_before_share":"","sfsi_plus_gutenberg_show_text_before_share":"","sfsi_plus_gutenberg_icon_type":"","sfsi_plus_gutenberg_icon_alignemt":"","sfsi_plus_gutenburg_max_per_row":"","_exactmetrics_skip_tracking":false,"_exactmetrics_sitenote_active":false,"_exactmetrics_sitenote_note":"","_exactmetrics_sitenote_category":0,"ngg_post_thumbnail":0,"footnotes":""},"yoast_head":"<!-- This site is optimized with the Yoast SEO plugin v22.9 - https:\/\/yoast.com\/wordpress\/plugins\/seo\/ -->\r\n<title>SIMPATIZANTES - Izquierda Unida Cu\u00e9llar<\/title>\r\n<meta name=\"description\" content=\"En esta pagina tienes un enlace que abre un formulario por si\u00a0quieres inscribirte como simpatizante de Izquierda Unida.\" \/>\r\n<meta name=\"robots\" content=\"index, follow, max-snippet:-1, max-image-preview:large, max-video-preview:-1\" \/>\r\n<link rel=\"canonical\" href=\"https:\/\/www.iucuellar.org\/?page_id=2882\" \/>\r\n<meta property=\"og:locale\" content=\"es_ES\" \/>\r\n<meta property=\"og:type\" content=\"article\" \/>\r\n<meta property=\"og:title\" content=\"SIMPATIZANTES - Izquierda Unida Cu\u00e9llar\" \/>\r\n<meta property=\"og:description\" content=\"En esta pagina tienes un enlace que abre un formulario por si\u00a0quieres inscribirte como simpatizante de Izquierda Unida.\" \/>\r\n<meta property=\"og:url\" content=\"https:\/\/www.iucuellar.org\/?page_id=2882\" \/>\r\n<meta property=\"og:site_name\" content=\"Izquierda Unida Cu\u00e9llar\" \/>\r\n<meta property=\"article:publisher\" content=\"https:\/\/www.facebook.com\/iucuellar\" \/>\r\n<meta property=\"article:modified_time\" content=\"2023-09-22T08:43:21+00:00\" \/>\r\n<meta property=\"og:image\" content=\"https:\/\/www.iucuellar.org\/public\/2021\/09\/unnamed.png\" \/>\r\n<meta name=\"twitter:card\" content=\"summary_large_image\" \/>\r\n<meta name=\"twitter:site\" content=\"@IU_CUELLAR\" \/>\r\n<meta name=\"twitter:label1\" content=\"Tiempo de lectura\" \/>\n\t<meta name=\"twitter:data1\" content=\"1 minuto\" \/>\r\n<script type=\"application\/ld+json\" class=\"yoast-schema-graph\">{\"@context\":\"https:\/\/schema.org\",\"@graph\":[{\"@type\":\"WebPage\",\"@id\":\"https:\/\/www.iucuellar.org\/?page_id=2882\",\"url\":\"https:\/\/www.iucuellar.org\/?page_id=2882\",\"name\":\"SIMPATIZANTES - Izquierda Unida Cu\u00e9llar\",\"isPartOf\":{\"@id\":\"https:\/\/www.iucuellar.org\/#website\"},\"primaryImageOfPage\":{\"@id\":\"https:\/\/www.iucuellar.org\/?page_id=2882#primaryimage\"},\"image\":{\"@id\":\"https:\/\/www.iucuellar.org\/?page_id=2882#primaryimage\"},\"thumbnailUrl\":\"https:\/\/www.iucuellar.org\/public\/2021\/09\/unnamed.png\",\"datePublished\":\"2018-05-09T16:37:07+00:00\",\"dateModified\":\"2023-09-22T08:43:21+00:00\",\"description\":\"En esta pagina tienes un enlace que abre un formulario por si\u00a0quieres inscribirte como simpatizante de Izquierda Unida.\",\"breadcrumb\":{\"@id\":\"https:\/\/www.iucuellar.org\/?page_id=2882#breadcrumb\"},\"inLanguage\":\"es\",\"potentialAction\":[{\"@type\":\"ReadAction\",\"target\":[\"https:\/\/www.iucuellar.org\/?page_id=2882\"]}]},{\"@type\":\"ImageObject\",\"inLanguage\":\"es\",\"@id\":\"https:\/\/www.iucuellar.org\/?page_id=2882#primaryimage\",\"url\":\"https:\/\/i0.wp.com\/www.iucuellar.org\/public\/2021\/09\/unnamed.png?fit=300%2C154&ssl=1\",\"contentUrl\":\"https:\/\/i0.wp.com\/www.iucuellar.org\/public\/2021\/09\/unnamed.png?fit=300%2C154&ssl=1\",\"width\":300,\"height\":154},{\"@type\":\"BreadcrumbList\",\"@id\":\"https:\/\/www.iucuellar.org\/?page_id=2882#breadcrumb\",\"itemListElement\":[{\"@type\":\"ListItem\",\"position\":1,\"name\":\"Inicio\",\"item\":\"https:\/\/www.iucuellar.org\/\"},{\"@type\":\"ListItem\",\"position\":2,\"name\":\"SIMPATIZANTES\"}]},{\"@type\":\"WebSite\",\"@id\":\"https:\/\/www.iucuellar.org\/#website\",\"url\":\"https:\/\/www.iucuellar.org\/\",\"name\":\"Izquierda Unida Cu\u00e9llar y Comarca\",\"description\":\"Lugar de opini\u00f3n y discusi\u00f3n de la izquierda\",\"publisher\":{\"@id\":\"https:\/\/www.iucuellar.org\/#organization\"},\"potentialAction\":[{\"@type\":\"SearchAction\",\"target\":{\"@type\":\"EntryPoint\",\"urlTemplate\":\"https:\/\/www.iucuellar.org\/?s={search_term_string}\"},\"query-input\":\"required name=search_term_string\"}],\"inLanguage\":\"es\"},{\"@type\":\"Organization\",\"@id\":\"https:\/\/www.iucuellar.org\/#organization\",\"name\":\"IU CUELLAR\",\"url\":\"https:\/\/www.iucuellar.org\/\",\"logo\":{\"@type\":\"ImageObject\",\"inLanguage\":\"es\",\"@id\":\"https:\/\/www.iucuellar.org\/#\/schema\/logo\/image\/\",\"url\":\"https:\/\/i0.wp.com\/www.iucuellar.org\/public\/2022\/07\/cropped-avatar_redondo_Twitter.png?fit=512%2C512&ssl=1\",\"contentUrl\":\"https:\/\/i0.wp.com\/www.iucuellar.org\/public\/2022\/07\/cropped-avatar_redondo_Twitter.png?fit=512%2C512&ssl=1\",\"width\":512,\"height\":512,\"caption\":\"IU CUELLAR\"},\"image\":{\"@id\":\"https:\/\/www.iucuellar.org\/#\/schema\/logo\/image\/\"},\"sameAs\":[\"https:\/\/www.facebook.com\/iucuellar\",\"https:\/\/x.com\/IU_CUELLAR\",\"https:\/\/www.instagram.com\/iucuellar\/\",\"https:\/\/www.threads.net\/@iucuellar\"]}]}<\/script>\r\n<!-- \/ Yoast SEO plugin. -->","yoast_head_json":{"title":"SIMPATIZANTES - Izquierda Unida Cu\u00e9llar","description":"En esta pagina tienes un enlace que abre un formulario por si\u00a0quieres inscribirte como simpatizante de Izquierda Unida.","robots":{"index":"index","follow":"follow","max-snippet":"max-snippet:-1","max-image-preview":"max-image-preview:large","max-video-preview":"max-video-preview:-1"},"canonical":"https:\/\/www.iucuellar.org\/?page_id=2882","og_locale":"es_ES","og_type":"article","og_title":"SIMPATIZANTES - Izquierda Unida Cu\u00e9llar","og_description":"En esta pagina tienes un enlace que abre un formulario por si\u00a0quieres inscribirte como simpatizante de Izquierda Unida.","og_url":"https:\/\/www.iucuellar.org\/?page_id=2882","og_site_name":"Izquierda Unida Cu\u00e9llar","article_publisher":"https:\/\/www.facebook.com\/iucuellar","article_modified_time":"2023-09-22T08:43:21+00:00","og_image":[{"url":"https:\/\/www.iucuellar.org\/public\/2021\/09\/unnamed.png"}],"twitter_card":"summary_large_image","twitter_site":"@IU_CUELLAR","twitter_misc":{"Tiempo de lectura":"1 minuto"},"schema":{"@context":"https:\/\/schema.org","@graph":[{"@type":"WebPage","@id":"https:\/\/www.iucuellar.org\/?page_id=2882","url":"https:\/\/www.iucuellar.org\/?page_id=2882","name":"SIMPATIZANTES - Izquierda Unida Cu\u00e9llar","isPartOf":{"@id":"https:\/\/www.iucuellar.org\/#website"},"primaryImageOfPage":{"@id":"https:\/\/www.iucuellar.org\/?page_id=2882#primaryimage"},"image":{"@id":"https:\/\/www.iucuellar.org\/?page_id=2882#primaryimage"},"thumbnailUrl":"https:\/\/www.iucuellar.org\/public\/2021\/09\/unnamed.png","datePublished":"2018-05-09T16:37:07+00:00","dateModified":"2023-09-22T08:43:21+00:00","description":"En esta pagina tienes un enlace que abre un formulario por si\u00a0quieres inscribirte como simpatizante de Izquierda Unida.","breadcrumb":{"@id":"https:\/\/www.iucuellar.org\/?page_id=2882#breadcrumb"},"inLanguage":"es","potentialAction":[{"@type":"ReadAction","target":["https:\/\/www.iucuellar.org\/?page_id=2882"]}]},{"@type":"ImageObject","inLanguage":"es","@id":"https:\/\/www.iucuellar.org\/?page_id=2882#primaryimage","url":"https:\/\/i0.wp.com\/www.iucuellar.org\/public\/2021\/09\/unnamed.png?fit=300%2C154&ssl=1","contentUrl":"https:\/\/i0.wp.com\/www.iucuellar.org\/public\/2021\/09\/unnamed.png?fit=300%2C154&ssl=1","width":300,"height":154},{"@type":"BreadcrumbList","@id":"https:\/\/www.iucuellar.org\/?page_id=2882#breadcrumb","itemListElement":[{"@type":"ListItem","position":1,"name":"Inicio","item":"https:\/\/www.iucuellar.org\/"},{"@type":"ListItem","position":2,"name":"SIMPATIZANTES"}]},{"@type":"WebSite","@id":"https:\/\/www.iucuellar.org\/#website","url":"https:\/\/www.iucuellar.org\/","name":"Izquierda Unida Cu\u00e9llar y Comarca","description":"Lugar de opini\u00f3n y discusi\u00f3n de la izquierda","publisher":{"@id":"https:\/\/www.iucuellar.org\/#organization"},"potentialAction":[{"@type":"SearchAction","target":{"@type":"EntryPoint","urlTemplate":"https:\/\/www.iucuellar.org\/?s={search_term_string}"},"query-input":"required name=search_term_string"}],"inLanguage":"es"},{"@type":"Organization","@id":"https:\/\/www.iucuellar.org\/#organization","name":"IU CUELLAR","url":"https:\/\/www.iucuellar.org\/","logo":{"@type":"ImageObject","inLanguage":"es","@id":"https:\/\/www.iucuellar.org\/#\/schema\/logo\/image\/","url":"https:\/\/i0.wp.com\/www.iucuellar.org\/public\/2022\/07\/cropped-avatar_redondo_Twitter.png?fit=512%2C512&ssl=1","contentUrl":"https:\/\/i0.wp.com\/www.iucuellar.org\/public\/2022\/07\/cropped-avatar_redondo_Twitter.png?fit=512%2C512&ssl=1","width":512,"height":512,"caption":"IU CUELLAR"},"image":{"@id":"https:\/\/www.iucuellar.org\/#\/schema\/logo\/image\/"},"sameAs":["https:\/\/www.facebook.com\/iucuellar","https:\/\/x.com\/IU_CUELLAR","https:\/\/www.instagram.com\/iucuellar\/","https:\/\/www.threads.net\/@iucuellar"]}]}},"jetpack_sharing_enabled":true,"jetpack_shortlink":"https:\/\/wp.me\/P8rn8P-Ku","_links":{"self":[{"href":"https:\/\/www.iucuellar.org\/index.php?rest_route=\/wp\/v2\/pages\/2882"}],"collection":[{"href":"https:\/\/www.iucuellar.org\/index.php?rest_route=\/wp\/v2\/pages"}],"about":[{"href":"https:\/\/www.iucuellar.org\/index.php?rest_route=\/wp\/v2\/types\/page"}],"author":[{"embeddable":true,"href":"https:\/\/www.iucuellar.org\/index.php?rest_route=\/wp\/v2\/users\/1"}],"replies":[{"embeddable":true,"href":"https:\/\/www.iucuellar.org\/index.php?rest_route=%2Fwp%2Fv2%2Fcomments&post=2882"}],"version-history":[{"count":11,"href":"https:\/\/www.iucuellar.org\/index.php?rest_route=\/wp\/v2\/pages\/2882\/revisions"}],"predecessor-version":[{"id":3693,"href":"https:\/\/www.iucuellar.org\/index.php?rest_route=\/wp\/v2\/pages\/2882\/revisions\/3693"}],"wp:attachment":[{"href":"https:\/\/www.iucuellar.org\/index.php?rest_route=%2Fwp%2Fv2%2Fmedia&parent=2882"}],"curies":[{"name":"wp","href":"https:\/\/api.w.org\/{rel}","templated":true}]}}