{"id":4369,"date":"2023-04-09T20:34:36","date_gmt":"2023-04-09T18:34:36","guid":{"rendered":"https:\/\/www.iucuellar.org\/?page_id=4369"},"modified":"2024-03-14T16:50:49","modified_gmt":"2024-03-14T15:50:49","slug":"programa-28m","status":"publish","type":"page","link":"https:\/\/www.iucuellar.org\/?page_id=4369","title":{"rendered":"Programa"},"content":{"rendered":"\n<p>Aqu\u00ed os dejamos el programa de Izquierda Unida Cu\u00e9llar para las elecciones del 28 de Mayo de 2023. Tambi\u00e9n puedes descargarte el documento en el siguiente enlace <strong><span style=\"text-decoration: underline;\"> <a href=\"https:\/\/www.iucuellar.org\/2023\/EleccionesMunicipales\/Programa_IUcuellar_2023.pdf\" target=\"_blank\" rel=\"noreferrer noopener\">>>AQUI&lt;&lt;<\/a><\/span><\/strong><\/p>\n\n\n<a href=\"https:\/\/www.iucuellar.org\/public\/2023\/05\/TEXTO-DEFINITIVO-PROGRAMA-2023.pdf\" class=\"pdfemb-viewer\" style=\"\" data-width=\"max\" data-height=\"max\" data-toolbar=\"bottom\" data-toolbar-fixed=\"off\">TEXTO-DEFINITIVO-PROGRAMA-2023<\/a>\n<p class=\"wp-block-pdfemb-pdf-embedder-viewer\"><\/p>\n","protected":false},"excerpt":{"rendered":"<p>Aqu\u00ed os dejamos el programa de Izquierda Unida Cu\u00e9llar para las elecciones del 28 de Mayo de 2023. Tambi\u00e9n puedes<\/p>\n","protected":false},"author":1,"featured_media":0,"parent":0,"menu_order":0,"comment_status":"closed","ping_status":"closed","template":"","meta":{"sfsi_plus_gutenberg_text_before_share":"","sfsi_plus_gutenberg_show_text_before_share":"","sfsi_plus_gutenberg_icon_type":"","sfsi_plus_gutenberg_icon_alignemt":"","sfsi_plus_gutenburg_max_per_row":"","_exactmetrics_skip_tracking":false,"_exactmetrics_sitenote_active":false,"_exactmetrics_sitenote_note":"","_exactmetrics_sitenote_category":0,"ngg_post_thumbnail":0,"footnotes":""},"yoast_head":"<!-- This site is optimized with the Yoast SEO plugin v22.9 - https:\/\/yoast.com\/wordpress\/plugins\/seo\/ -->\r\n<title>Programa IU Cu\u00e9llar 28M<\/title>\r\n<meta name=\"description\" content=\"Programa de Izquierda Unida Cu\u00e9llar para las elecciones municipales del 28 de Mayo de 2023\" \/>\r\n<meta name=\"robots\" content=\"index, follow, max-snippet:-1, max-image-preview:large, max-video-preview:-1\" \/>\r\n<link rel=\"canonical\" href=\"https:\/\/www.iucuellar.org\/?page_id=4369\" \/>\r\n<meta property=\"og:locale\" content=\"es_ES\" \/>\r\n<meta property=\"og:type\" content=\"article\" \/>\r\n<meta property=\"og:title\" content=\"Programa IU Cu\u00e9llar 28M\" \/>\r\n<meta property=\"og:description\" content=\"Programa de Izquierda Unida Cu\u00e9llar para las elecciones municipales del 28 de Mayo de 2023\" \/>\r\n<meta property=\"og:url\" content=\"https:\/\/www.iucuellar.org\/?page_id=4369\" \/>\r\n<meta property=\"og:site_name\" content=\"Izquierda Unida Cu\u00e9llar\" \/>\r\n<meta property=\"article:publisher\" content=\"https:\/\/www.facebook.com\/iucuellar\" \/>\r\n<meta property=\"article:modified_time\" content=\"2024-03-14T15:50:49+00:00\" \/>\r\n<meta property=\"og:image\" content=\"https:\/\/i0.wp.com\/www.iucuellar.org\/public\/2022\/07\/cropped-avatar_redondo_Twitter.png?fit=512%2C512&ssl=1\" \/>\r\n\t<meta property=\"og:image:width\" content=\"512\" \/>\r\n\t<meta property=\"og:image:height\" content=\"512\" \/>\r\n\t<meta property=\"og:image:type\" content=\"image\/png\" \/>\r\n<meta name=\"twitter:card\" content=\"summary_large_image\" \/>\r\n<meta name=\"twitter:site\" content=\"@IU_CUELLAR\" \/>\r\n<meta name=\"twitter:label1\" content=\"Tiempo de lectura\" \/>\n\t<meta name=\"twitter:data1\" content=\"1 minuto\" \/>\r\n<script type=\"application\/ld+json\" class=\"yoast-schema-graph\">{\"@context\":\"https:\/\/schema.org\",\"@graph\":[{\"@type\":\"WebPage\",\"@id\":\"https:\/\/www.iucuellar.org\/?page_id=4369\",\"url\":\"https:\/\/www.iucuellar.org\/?page_id=4369\",\"name\":\"Programa IU Cu\u00e9llar 28M\",\"isPartOf\":{\"@id\":\"https:\/\/www.iucuellar.org\/#website\"},\"datePublished\":\"2023-04-09T18:34:36+00:00\",\"dateModified\":\"2024-03-14T15:50:49+00:00\",\"description\":\"Programa de Izquierda Unida Cu\u00e9llar para las elecciones municipales del 28 de Mayo de 2023\",\"breadcrumb\":{\"@id\":\"https:\/\/www.iucuellar.org\/?page_id=4369#breadcrumb\"},\"inLanguage\":\"es\",\"potentialAction\":[{\"@type\":\"ReadAction\",\"target\":[\"https:\/\/www.iucuellar.org\/?page_id=4369\"]}]},{\"@type\":\"BreadcrumbList\",\"@id\":\"https:\/\/www.iucuellar.org\/?page_id=4369#breadcrumb\",\"itemListElement\":[{\"@type\":\"ListItem\",\"position\":1,\"name\":\"Inicio\",\"item\":\"https:\/\/www.iucuellar.org\/\"},{\"@type\":\"ListItem\",\"position\":2,\"name\":\"Programa\"}]},{\"@type\":\"WebSite\",\"@id\":\"https:\/\/www.iucuellar.org\/#website\",\"url\":\"https:\/\/www.iucuellar.org\/\",\"name\":\"Izquierda Unida Cu\u00e9llar y Comarca\",\"description\":\"Lugar de opini\u00f3n y discusi\u00f3n de la izquierda\",\"publisher\":{\"@id\":\"https:\/\/www.iucuellar.org\/#organization\"},\"potentialAction\":[{\"@type\":\"SearchAction\",\"target\":{\"@type\":\"EntryPoint\",\"urlTemplate\":\"https:\/\/www.iucuellar.org\/?s={search_term_string}\"},\"query-input\":\"required name=search_term_string\"}],\"inLanguage\":\"es\"},{\"@type\":\"Organization\",\"@id\":\"https:\/\/www.iucuellar.org\/#organization\",\"name\":\"IU CUELLAR\",\"url\":\"https:\/\/www.iucuellar.org\/\",\"logo\":{\"@type\":\"ImageObject\",\"inLanguage\":\"es\",\"@id\":\"https:\/\/www.iucuellar.org\/#\/schema\/logo\/image\/\",\"url\":\"https:\/\/i0.wp.com\/www.iucuellar.org\/public\/2022\/07\/cropped-avatar_redondo_Twitter.png?fit=512%2C512&ssl=1\",\"contentUrl\":\"https:\/\/i0.wp.com\/www.iucuellar.org\/public\/2022\/07\/cropped-avatar_redondo_Twitter.png?fit=512%2C512&ssl=1\",\"width\":512,\"height\":512,\"caption\":\"IU CUELLAR\"},\"image\":{\"@id\":\"https:\/\/www.iucuellar.org\/#\/schema\/logo\/image\/\"},\"sameAs\":[\"https:\/\/www.facebook.com\/iucuellar\",\"https:\/\/x.com\/IU_CUELLAR\",\"https:\/\/www.instagram.com\/iucuellar\/\",\"https:\/\/www.threads.net\/@iucuellar\"]}]}<\/script>\r\n<!-- \/ Yoast SEO plugin. -->","yoast_head_json":{"title":"Programa IU Cu\u00e9llar 28M","description":"Programa de Izquierda Unida Cu\u00e9llar para las elecciones municipales del 28 de Mayo de 2023","robots":{"index":"index","follow":"follow","max-snippet":"max-snippet:-1","max-image-preview":"max-image-preview:large","max-video-preview":"max-video-preview:-1"},"canonical":"https:\/\/www.iucuellar.org\/?page_id=4369","og_locale":"es_ES","og_type":"article","og_title":"Programa IU Cu\u00e9llar 28M","og_description":"Programa de Izquierda Unida Cu\u00e9llar para las elecciones municipales del 28 de Mayo de 2023","og_url":"https:\/\/www.iucuellar.org\/?page_id=4369","og_site_name":"Izquierda Unida Cu\u00e9llar","article_publisher":"https:\/\/www.facebook.com\/iucuellar","article_modified_time":"2024-03-14T15:50:49+00:00","og_image":[{"width":512,"height":512,"url":"https:\/\/i0.wp.com\/www.iucuellar.org\/public\/2022\/07\/cropped-avatar_redondo_Twitter.png?fit=512%2C512&ssl=1","type":"image\/png"}],"twitter_card":"summary_large_image","twitter_site":"@IU_CUELLAR","twitter_misc":{"Tiempo de lectura":"1 minuto"},"schema":{"@context":"https:\/\/schema.org","@graph":[{"@type":"WebPage","@id":"https:\/\/www.iucuellar.org\/?page_id=4369","url":"https:\/\/www.iucuellar.org\/?page_id=4369","name":"Programa IU Cu\u00e9llar 28M","isPartOf":{"@id":"https:\/\/www.iucuellar.org\/#website"},"datePublished":"2023-04-09T18:34:36+00:00","dateModified":"2024-03-14T15:50:49+00:00","description":"Programa de Izquierda Unida Cu\u00e9llar para las elecciones municipales del 28 de Mayo de 2023","breadcrumb":{"@id":"https:\/\/www.iucuellar.org\/?page_id=4369#breadcrumb"},"inLanguage":"es","potentialAction":[{"@type":"ReadAction","target":["https:\/\/www.iucuellar.org\/?page_id=4369"]}]},{"@type":"BreadcrumbList","@id":"https:\/\/www.iucuellar.org\/?page_id=4369#breadcrumb","itemListElement":[{"@type":"ListItem","position":1,"name":"Inicio","item":"https:\/\/www.iucuellar.org\/"},{"@type":"ListItem","position":2,"name":"Programa"}]},{"@type":"WebSite","@id":"https:\/\/www.iucuellar.org\/#website","url":"https:\/\/www.iucuellar.org\/","name":"Izquierda Unida Cu\u00e9llar y Comarca","description":"Lugar de opini\u00f3n y discusi\u00f3n de la izquierda","publisher":{"@id":"https:\/\/www.iucuellar.org\/#organization"},"potentialAction":[{"@type":"SearchAction","target":{"@type":"EntryPoint","urlTemplate":"https:\/\/www.iucuellar.org\/?s={search_term_string}"},"query-input":"required name=search_term_string"}],"inLanguage":"es"},{"@type":"Organization","@id":"https:\/\/www.iucuellar.org\/#organization","name":"IU CUELLAR","url":"https:\/\/www.iucuellar.org\/","logo":{"@type":"ImageObject","inLanguage":"es","@id":"https:\/\/www.iucuellar.org\/#\/schema\/logo\/image\/","url":"https:\/\/i0.wp.com\/www.iucuellar.org\/public\/2022\/07\/cropped-avatar_redondo_Twitter.png?fit=512%2C512&ssl=1","contentUrl":"https:\/\/i0.wp.com\/www.iucuellar.org\/public\/2022\/07\/cropped-avatar_redondo_Twitter.png?fit=512%2C512&ssl=1","width":512,"height":512,"caption":"IU CUELLAR"},"image":{"@id":"https:\/\/www.iucuellar.org\/#\/schema\/logo\/image\/"},"sameAs":["https:\/\/www.facebook.com\/iucuellar","https:\/\/x.com\/IU_CUELLAR","https:\/\/www.instagram.com\/iucuellar\/","https:\/\/www.threads.net\/@iucuellar"]}]}},"jetpack_sharing_enabled":true,"jetpack_shortlink":"https:\/\/wp.me\/P8rn8P-18t","_links":{"self":[{"href":"https:\/\/www.iucuellar.org\/index.php?rest_route=\/wp\/v2\/pages\/4369"}],"collection":[{"href":"https:\/\/www.iucuellar.org\/index.php?rest_route=\/wp\/v2\/pages"}],"about":[{"href":"https:\/\/www.iucuellar.org\/index.php?rest_route=\/wp\/v2\/types\/page"}],"author":[{"embeddable":true,"href":"https:\/\/www.iucuellar.org\/index.php?rest_route=\/wp\/v2\/users\/1"}],"replies":[{"embeddable":true,"href":"https:\/\/www.iucuellar.org\/index.php?rest_route=%2Fwp%2Fv2%2Fcomments&post=4369"}],"version-history":[{"count":9,"href":"https:\/\/www.iucuellar.org\/index.php?rest_route=\/wp\/v2\/pages\/4369\/revisions"}],"predecessor-version":[{"id":4700,"href":"https:\/\/www.iucuellar.org\/index.php?rest_route=\/wp\/v2\/pages\/4369\/revisions\/4700"}],"wp:attachment":[{"href":"https:\/\/www.iucuellar.org\/index.php?rest_route=%2Fwp%2Fv2%2Fmedia&parent=4369"}],"curies":[{"name":"wp","href":"https:\/\/api.w.org\/{rel}","templated":true}]}}