{"id":526,"date":"2011-11-02T00:43:21","date_gmt":"2011-11-01T22:43:21","guid":{"rendered":"http:\/\/www.iucuellar.org\/?page_id=526"},"modified":"2011-11-18T00:06:55","modified_gmt":"2011-11-17T22:06:55","slug":"20-de-noviembre-tu-eliges","status":"publish","type":"page","link":"https:\/\/www.iucuellar.org\/?page_id=526","title":{"rendered":"20 de noviembre, t\u00fa eliges"},"content":{"rendered":"<p style=\"text-align: center;\"><div class=\"jetpack-video-wrapper\"><iframe loading=\"lazy\" title=\"Llamamiento a la participaci\u00f3n de militantes y simpatizantes de IU\" width=\"800\" height=\"450\" src=\"https:\/\/www.youtube.com\/embed\/T5b_stPtvHo?feature=oembed\" frameborder=\"0\" allow=\"accelerometer; autoplay; clipboard-write; encrypted-media; gyroscope; picture-in-picture\" allowfullscreen><\/iframe><\/div><\/p>\n<p style=\"text-align: center;\"><a rel=\"attachment wp-att-517\" href=\"https:\/\/www.iucuellar.org\/?attachment_id=517\"><img loading=\"lazy\" decoding=\"async\" class=\"aligncenter size-medium wp-image-517\" title=\"11\" src=\"https:\/\/i0.wp.com\/www.iucuellar.org\/public\/2011\/11\/11.jpg?resize=300%2C168&#038;ssl=1\" alt=\"\" width=\"300\" height=\"168\" srcset=\"https:\/\/i0.wp.com\/www.iucuellar.org\/public\/2011\/11\/11.jpg?resize=300%2C168&amp;ssl=1 300w, https:\/\/i0.wp.com\/www.iucuellar.org\/public\/2011\/11\/11.jpg?w=1024&amp;ssl=1 1024w\" sizes=\"(max-width: 300px) 100vw, 300px\" data-recalc-dims=\"1\" \/><\/a><a rel=\"attachment wp-att-518\" href=\"https:\/\/www.iucuellar.org\/?attachment_id=518\"><img loading=\"lazy\" decoding=\"async\" class=\"aligncenter size-medium wp-image-518\" title=\"12\" src=\"https:\/\/i0.wp.com\/www.iucuellar.org\/public\/2011\/11\/12.jpg?resize=300%2C168&#038;ssl=1\" alt=\"\" width=\"300\" height=\"168\" srcset=\"https:\/\/i0.wp.com\/www.iucuellar.org\/public\/2011\/11\/12.jpg?resize=300%2C168&amp;ssl=1 300w, https:\/\/i0.wp.com\/www.iucuellar.org\/public\/2011\/11\/12.jpg?w=1024&amp;ssl=1 1024w\" sizes=\"(max-width: 300px) 100vw, 300px\" data-recalc-dims=\"1\" \/><\/a><a rel=\"attachment wp-att-516\" href=\"https:\/\/www.iucuellar.org\/?attachment_id=516\"><img loading=\"lazy\" decoding=\"async\" class=\"aligncenter size-medium wp-image-516\" title=\"10\" src=\"https:\/\/i0.wp.com\/www.iucuellar.org\/public\/2011\/11\/10.jpg?resize=300%2C168&#038;ssl=1\" alt=\"\" width=\"300\" height=\"168\" srcset=\"https:\/\/i0.wp.com\/www.iucuellar.org\/public\/2011\/11\/10.jpg?resize=300%2C168&amp;ssl=1 300w, https:\/\/i0.wp.com\/www.iucuellar.org\/public\/2011\/11\/10.jpg?w=1024&amp;ssl=1 1024w\" sizes=\"(max-width: 300px) 100vw, 300px\" data-recalc-dims=\"1\" \/><\/a><a rel=\"attachment wp-att-515\" href=\"https:\/\/www.iucuellar.org\/?attachment_id=515\"><img loading=\"lazy\" decoding=\"async\" class=\"aligncenter size-medium wp-image-515\" title=\"9\" src=\"https:\/\/i0.wp.com\/www.iucuellar.org\/public\/2011\/11\/9.jpg?resize=300%2C168&#038;ssl=1\" alt=\"\" width=\"300\" height=\"168\" srcset=\"https:\/\/i0.wp.com\/www.iucuellar.org\/public\/2011\/11\/9.jpg?resize=300%2C168&amp;ssl=1 300w, https:\/\/i0.wp.com\/www.iucuellar.org\/public\/2011\/11\/9.jpg?w=1024&amp;ssl=1 1024w\" sizes=\"(max-width: 300px) 100vw, 300px\" data-recalc-dims=\"1\" \/><\/a><a rel=\"attachment wp-att-514\" href=\"https:\/\/www.iucuellar.org\/?attachment_id=514\"><img loading=\"lazy\" decoding=\"async\" class=\"aligncenter size-medium wp-image-514\" title=\"8\" src=\"https:\/\/i0.wp.com\/www.iucuellar.org\/public\/2011\/11\/8.jpg?resize=300%2C168&#038;ssl=1\" alt=\"\" width=\"300\" height=\"168\" srcset=\"https:\/\/i0.wp.com\/www.iucuellar.org\/public\/2011\/11\/8.jpg?resize=300%2C168&amp;ssl=1 300w, https:\/\/i0.wp.com\/www.iucuellar.org\/public\/2011\/11\/8.jpg?w=1024&amp;ssl=1 1024w\" sizes=\"(max-width: 300px) 100vw, 300px\" data-recalc-dims=\"1\" \/><\/a><a rel=\"attachment wp-att-513\" href=\"https:\/\/www.iucuellar.org\/?attachment_id=513\"><img loading=\"lazy\" decoding=\"async\" class=\"aligncenter size-medium wp-image-513\" title=\"7\" src=\"https:\/\/i0.wp.com\/www.iucuellar.org\/public\/2011\/11\/7.jpg?resize=300%2C168&#038;ssl=1\" alt=\"\" width=\"300\" height=\"168\" srcset=\"https:\/\/i0.wp.com\/www.iucuellar.org\/public\/2011\/11\/7.jpg?resize=300%2C168&amp;ssl=1 300w, https:\/\/i0.wp.com\/www.iucuellar.org\/public\/2011\/11\/7.jpg?w=1024&amp;ssl=1 1024w\" sizes=\"(max-width: 300px) 100vw, 300px\" data-recalc-dims=\"1\" \/><\/a><a rel=\"attachment wp-att-512\" href=\"https:\/\/www.iucuellar.org\/?attachment_id=512\"><img loading=\"lazy\" decoding=\"async\" class=\"aligncenter size-medium wp-image-512\" title=\"6\" src=\"https:\/\/i0.wp.com\/www.iucuellar.org\/public\/2011\/11\/6.jpg?resize=300%2C168&#038;ssl=1\" alt=\"\" width=\"300\" height=\"168\" srcset=\"https:\/\/i0.wp.com\/www.iucuellar.org\/public\/2011\/11\/6.jpg?resize=300%2C168&amp;ssl=1 300w, https:\/\/i0.wp.com\/www.iucuellar.org\/public\/2011\/11\/6.jpg?w=1024&amp;ssl=1 1024w\" sizes=\"(max-width: 300px) 100vw, 300px\" data-recalc-dims=\"1\" \/><\/a><a rel=\"attachment wp-att-511\" href=\"https:\/\/www.iucuellar.org\/?attachment_id=511\"><img loading=\"lazy\" decoding=\"async\" class=\"aligncenter size-medium wp-image-511\" title=\"5\" src=\"https:\/\/i0.wp.com\/www.iucuellar.org\/public\/2011\/11\/5.jpg?resize=300%2C168&#038;ssl=1\" alt=\"\" width=\"300\" height=\"168\" srcset=\"https:\/\/i0.wp.com\/www.iucuellar.org\/public\/2011\/11\/5.jpg?resize=300%2C168&amp;ssl=1 300w, https:\/\/i0.wp.com\/www.iucuellar.org\/public\/2011\/11\/5.jpg?w=1024&amp;ssl=1 1024w\" sizes=\"(max-width: 300px) 100vw, 300px\" data-recalc-dims=\"1\" \/><\/a><a rel=\"attachment wp-att-510\" href=\"https:\/\/www.iucuellar.org\/?attachment_id=510\"><img loading=\"lazy\" decoding=\"async\" class=\"aligncenter size-medium wp-image-510\" title=\"4\" src=\"https:\/\/i0.wp.com\/www.iucuellar.org\/public\/2011\/11\/4.jpg?resize=300%2C168&#038;ssl=1\" alt=\"\" width=\"300\" height=\"168\" srcset=\"https:\/\/i0.wp.com\/www.iucuellar.org\/public\/2011\/11\/4.jpg?resize=300%2C168&amp;ssl=1 300w, https:\/\/i0.wp.com\/www.iucuellar.org\/public\/2011\/11\/4.jpg?w=1024&amp;ssl=1 1024w\" sizes=\"(max-width: 300px) 100vw, 300px\" data-recalc-dims=\"1\" \/><\/a><a rel=\"attachment wp-att-509\" href=\"https:\/\/www.iucuellar.org\/?attachment_id=509\"><img loading=\"lazy\" decoding=\"async\" class=\"aligncenter size-medium wp-image-509\" title=\"3\" src=\"https:\/\/i0.wp.com\/www.iucuellar.org\/public\/2011\/11\/3.jpg?resize=300%2C168&#038;ssl=1\" alt=\"\" width=\"300\" height=\"168\" srcset=\"https:\/\/i0.wp.com\/www.iucuellar.org\/public\/2011\/11\/3.jpg?resize=300%2C168&amp;ssl=1 300w, https:\/\/i0.wp.com\/www.iucuellar.org\/public\/2011\/11\/3.jpg?w=1024&amp;ssl=1 1024w\" sizes=\"(max-width: 300px) 100vw, 300px\" data-recalc-dims=\"1\" \/><\/a><a rel=\"attachment wp-att-508\" href=\"https:\/\/www.iucuellar.org\/?attachment_id=508\"><img loading=\"lazy\" decoding=\"async\" class=\"aligncenter size-medium wp-image-508\" title=\"2\" src=\"https:\/\/i0.wp.com\/www.iucuellar.org\/public\/2011\/11\/2.jpg?resize=300%2C168&#038;ssl=1\" alt=\"\" width=\"300\" height=\"168\" srcset=\"https:\/\/i0.wp.com\/www.iucuellar.org\/public\/2011\/11\/2.jpg?resize=300%2C168&amp;ssl=1 300w, https:\/\/i0.wp.com\/www.iucuellar.org\/public\/2011\/11\/2.jpg?w=1024&amp;ssl=1 1024w\" sizes=\"(max-width: 300px) 100vw, 300px\" data-recalc-dims=\"1\" \/><\/a><a rel=\"attachment wp-att-507\" href=\"https:\/\/www.iucuellar.org\/?attachment_id=507\"><img loading=\"lazy\" decoding=\"async\" class=\"aligncenter size-medium wp-image-507\" title=\"1\" src=\"https:\/\/i0.wp.com\/www.iucuellar.org\/public\/2011\/11\/1.jpg?resize=300%2C168&#038;ssl=1\" alt=\"\" width=\"300\" height=\"168\" srcset=\"https:\/\/i0.wp.com\/www.iucuellar.org\/public\/2011\/11\/1.jpg?resize=300%2C168&amp;ssl=1 300w, https:\/\/i0.wp.com\/www.iucuellar.org\/public\/2011\/11\/1.jpg?w=1024&amp;ssl=1 1024w\" sizes=\"(max-width: 300px) 100vw, 300px\" data-recalc-dims=\"1\" \/><\/a><a rel=\"attachment wp-att-498\" href=\"https:\/\/www.iucuellar.org\/?attachment_id=498\"><img loading=\"lazy\" decoding=\"async\" class=\"aligncenter size-medium wp-image-498\" title=\"rebelate\" src=\"https:\/\/i0.wp.com\/www.iucuellar.org\/public\/2011\/11\/rebelate.jpg?resize=300%2C168&#038;ssl=1\" alt=\"\" width=\"300\" height=\"168\" srcset=\"https:\/\/i0.wp.com\/www.iucuellar.org\/public\/2011\/11\/rebelate.jpg?resize=300%2C168&amp;ssl=1 300w, https:\/\/i0.wp.com\/www.iucuellar.org\/public\/2011\/11\/rebelate.jpg?w=1024&amp;ssl=1 1024w\" sizes=\"(max-width: 300px) 100vw, 300px\" data-recalc-dims=\"1\" \/><\/a><a href=\"http:\/\/www1.izquierda-unida.es\/node\/9429\" target=\"_blank\" class=\"broken_link\">Programa electoral de Izquierda Unida 2011<\/a><\/p>\n","protected":false},"excerpt":{"rendered":"<p>Programa electoral de Izquierda Unida 2011<\/p>\n","protected":false},"author":1,"featured_media":0,"parent":0,"menu_order":0,"comment_status":"open","ping_status":"open","template":"","meta":{"sfsi_plus_gutenberg_text_before_share":"","sfsi_plus_gutenberg_show_text_before_share":"","sfsi_plus_gutenberg_icon_type":"","sfsi_plus_gutenberg_icon_alignemt":"","sfsi_plus_gutenburg_max_per_row":"","_exactmetrics_skip_tracking":false,"_exactmetrics_sitenote_active":false,"_exactmetrics_sitenote_note":"","_exactmetrics_sitenote_category":0,"ngg_post_thumbnail":0,"footnotes":""},"yoast_head":"<!-- This site is optimized with the Yoast SEO plugin v22.9 - https:\/\/yoast.com\/wordpress\/plugins\/seo\/ -->\r\n<title>20 de noviembre, t\u00fa eliges - Izquierda Unida Cu\u00e9llar<\/title>\r\n<meta name=\"robots\" content=\"index, follow, max-snippet:-1, max-image-preview:large, max-video-preview:-1\" \/>\r\n<link rel=\"canonical\" href=\"https:\/\/www.iucuellar.org\/?page_id=526\" \/>\r\n<meta property=\"og:locale\" content=\"es_ES\" \/>\r\n<meta property=\"og:type\" content=\"article\" \/>\r\n<meta property=\"og:title\" content=\"20 de noviembre, t\u00fa eliges - Izquierda Unida Cu\u00e9llar\" \/>\r\n<meta property=\"og:description\" content=\"Programa electoral de Izquierda Unida 2011\" \/>\r\n<meta property=\"og:url\" content=\"https:\/\/www.iucuellar.org\/?page_id=526\" \/>\r\n<meta property=\"og:site_name\" content=\"Izquierda Unida Cu\u00e9llar\" \/>\r\n<meta property=\"article:publisher\" content=\"https:\/\/www.facebook.com\/iucuellar\" \/>\r\n<meta property=\"article:modified_time\" content=\"2011-11-17T22:06:55+00:00\" \/>\r\n<meta property=\"og:image\" content=\"http:\/\/www.iucuellar.org\/public\/2011\/11\/11-300x168.jpg\" \/>\r\n<meta name=\"twitter:card\" content=\"summary_large_image\" \/>\r\n<meta name=\"twitter:site\" content=\"@IU_CUELLAR\" \/>\r\n<script type=\"application\/ld+json\" class=\"yoast-schema-graph\">{\"@context\":\"https:\/\/schema.org\",\"@graph\":[{\"@type\":\"WebPage\",\"@id\":\"https:\/\/www.iucuellar.org\/?page_id=526\",\"url\":\"https:\/\/www.iucuellar.org\/?page_id=526\",\"name\":\"20 de noviembre, t\u00fa eliges - Izquierda Unida Cu\u00e9llar\",\"isPartOf\":{\"@id\":\"https:\/\/www.iucuellar.org\/#website\"},\"primaryImageOfPage\":{\"@id\":\"https:\/\/www.iucuellar.org\/?page_id=526#primaryimage\"},\"image\":{\"@id\":\"https:\/\/www.iucuellar.org\/?page_id=526#primaryimage\"},\"thumbnailUrl\":\"http:\/\/www.iucuellar.org\/public\/2011\/11\/11-300x168.jpg\",\"datePublished\":\"2011-11-01T22:43:21+00:00\",\"dateModified\":\"2011-11-17T22:06:55+00:00\",\"breadcrumb\":{\"@id\":\"https:\/\/www.iucuellar.org\/?page_id=526#breadcrumb\"},\"inLanguage\":\"es\",\"potentialAction\":[{\"@type\":\"ReadAction\",\"target\":[\"https:\/\/www.iucuellar.org\/?page_id=526\"]}]},{\"@type\":\"ImageObject\",\"inLanguage\":\"es\",\"@id\":\"https:\/\/www.iucuellar.org\/?page_id=526#primaryimage\",\"url\":\"https:\/\/i0.wp.com\/www.iucuellar.org\/public\/2011\/11\/11.jpg?fit=1024%2C576&ssl=1\",\"contentUrl\":\"https:\/\/i0.wp.com\/www.iucuellar.org\/public\/2011\/11\/11.jpg?fit=1024%2C576&ssl=1\",\"width\":\"1024\",\"height\":\"576\"},{\"@type\":\"BreadcrumbList\",\"@id\":\"https:\/\/www.iucuellar.org\/?page_id=526#breadcrumb\",\"itemListElement\":[{\"@type\":\"ListItem\",\"position\":1,\"name\":\"Inicio\",\"item\":\"https:\/\/www.iucuellar.org\/\"},{\"@type\":\"ListItem\",\"position\":2,\"name\":\"20 de noviembre, t\u00fa eliges\"}]},{\"@type\":\"WebSite\",\"@id\":\"https:\/\/www.iucuellar.org\/#website\",\"url\":\"https:\/\/www.iucuellar.org\/\",\"name\":\"Izquierda Unida Cu\u00e9llar y Comarca\",\"description\":\"Lugar de opini\u00f3n y discusi\u00f3n de la izquierda\",\"publisher\":{\"@id\":\"https:\/\/www.iucuellar.org\/#organization\"},\"potentialAction\":[{\"@type\":\"SearchAction\",\"target\":{\"@type\":\"EntryPoint\",\"urlTemplate\":\"https:\/\/www.iucuellar.org\/?s={search_term_string}\"},\"query-input\":\"required name=search_term_string\"}],\"inLanguage\":\"es\"},{\"@type\":\"Organization\",\"@id\":\"https:\/\/www.iucuellar.org\/#organization\",\"name\":\"IU CUELLAR\",\"url\":\"https:\/\/www.iucuellar.org\/\",\"logo\":{\"@type\":\"ImageObject\",\"inLanguage\":\"es\",\"@id\":\"https:\/\/www.iucuellar.org\/#\/schema\/logo\/image\/\",\"url\":\"https:\/\/i0.wp.com\/www.iucuellar.org\/public\/2022\/07\/cropped-avatar_redondo_Twitter.png?fit=512%2C512&ssl=1\",\"contentUrl\":\"https:\/\/i0.wp.com\/www.iucuellar.org\/public\/2022\/07\/cropped-avatar_redondo_Twitter.png?fit=512%2C512&ssl=1\",\"width\":512,\"height\":512,\"caption\":\"IU CUELLAR\"},\"image\":{\"@id\":\"https:\/\/www.iucuellar.org\/#\/schema\/logo\/image\/\"},\"sameAs\":[\"https:\/\/www.facebook.com\/iucuellar\",\"https:\/\/x.com\/IU_CUELLAR\",\"https:\/\/www.instagram.com\/iucuellar\/\",\"https:\/\/www.threads.net\/@iucuellar\"]}]}<\/script>\r\n<!-- \/ Yoast SEO plugin. -->","yoast_head_json":{"title":"20 de noviembre, t\u00fa eliges - Izquierda Unida Cu\u00e9llar","robots":{"index":"index","follow":"follow","max-snippet":"max-snippet:-1","max-image-preview":"max-image-preview:large","max-video-preview":"max-video-preview:-1"},"canonical":"https:\/\/www.iucuellar.org\/?page_id=526","og_locale":"es_ES","og_type":"article","og_title":"20 de noviembre, t\u00fa eliges - Izquierda Unida Cu\u00e9llar","og_description":"Programa electoral de Izquierda Unida 2011","og_url":"https:\/\/www.iucuellar.org\/?page_id=526","og_site_name":"Izquierda Unida Cu\u00e9llar","article_publisher":"https:\/\/www.facebook.com\/iucuellar","article_modified_time":"2011-11-17T22:06:55+00:00","og_image":[{"url":"http:\/\/www.iucuellar.org\/public\/2011\/11\/11-300x168.jpg"}],"twitter_card":"summary_large_image","twitter_site":"@IU_CUELLAR","schema":{"@context":"https:\/\/schema.org","@graph":[{"@type":"WebPage","@id":"https:\/\/www.iucuellar.org\/?page_id=526","url":"https:\/\/www.iucuellar.org\/?page_id=526","name":"20 de noviembre, t\u00fa eliges - Izquierda Unida Cu\u00e9llar","isPartOf":{"@id":"https:\/\/www.iucuellar.org\/#website"},"primaryImageOfPage":{"@id":"https:\/\/www.iucuellar.org\/?page_id=526#primaryimage"},"image":{"@id":"https:\/\/www.iucuellar.org\/?page_id=526#primaryimage"},"thumbnailUrl":"http:\/\/www.iucuellar.org\/public\/2011\/11\/11-300x168.jpg","datePublished":"2011-11-01T22:43:21+00:00","dateModified":"2011-11-17T22:06:55+00:00","breadcrumb":{"@id":"https:\/\/www.iucuellar.org\/?page_id=526#breadcrumb"},"inLanguage":"es","potentialAction":[{"@type":"ReadAction","target":["https:\/\/www.iucuellar.org\/?page_id=526"]}]},{"@type":"ImageObject","inLanguage":"es","@id":"https:\/\/www.iucuellar.org\/?page_id=526#primaryimage","url":"https:\/\/i0.wp.com\/www.iucuellar.org\/public\/2011\/11\/11.jpg?fit=1024%2C576&ssl=1","contentUrl":"https:\/\/i0.wp.com\/www.iucuellar.org\/public\/2011\/11\/11.jpg?fit=1024%2C576&ssl=1","width":"1024","height":"576"},{"@type":"BreadcrumbList","@id":"https:\/\/www.iucuellar.org\/?page_id=526#breadcrumb","itemListElement":[{"@type":"ListItem","position":1,"name":"Inicio","item":"https:\/\/www.iucuellar.org\/"},{"@type":"ListItem","position":2,"name":"20 de noviembre, t\u00fa eliges"}]},{"@type":"WebSite","@id":"https:\/\/www.iucuellar.org\/#website","url":"https:\/\/www.iucuellar.org\/","name":"Izquierda Unida Cu\u00e9llar y Comarca","description":"Lugar de opini\u00f3n y discusi\u00f3n de la izquierda","publisher":{"@id":"https:\/\/www.iucuellar.org\/#organization"},"potentialAction":[{"@type":"SearchAction","target":{"@type":"EntryPoint","urlTemplate":"https:\/\/www.iucuellar.org\/?s={search_term_string}"},"query-input":"required name=search_term_string"}],"inLanguage":"es"},{"@type":"Organization","@id":"https:\/\/www.iucuellar.org\/#organization","name":"IU CUELLAR","url":"https:\/\/www.iucuellar.org\/","logo":{"@type":"ImageObject","inLanguage":"es","@id":"https:\/\/www.iucuellar.org\/#\/schema\/logo\/image\/","url":"https:\/\/i0.wp.com\/www.iucuellar.org\/public\/2022\/07\/cropped-avatar_redondo_Twitter.png?fit=512%2C512&ssl=1","contentUrl":"https:\/\/i0.wp.com\/www.iucuellar.org\/public\/2022\/07\/cropped-avatar_redondo_Twitter.png?fit=512%2C512&ssl=1","width":512,"height":512,"caption":"IU CUELLAR"},"image":{"@id":"https:\/\/www.iucuellar.org\/#\/schema\/logo\/image\/"},"sameAs":["https:\/\/www.facebook.com\/iucuellar","https:\/\/x.com\/IU_CUELLAR","https:\/\/www.instagram.com\/iucuellar\/","https:\/\/www.threads.net\/@iucuellar"]}]}},"jetpack_sharing_enabled":true,"jetpack_shortlink":"https:\/\/wp.me\/P8rn8P-8u","_links":{"self":[{"href":"https:\/\/www.iucuellar.org\/index.php?rest_route=\/wp\/v2\/pages\/526"}],"collection":[{"href":"https:\/\/www.iucuellar.org\/index.php?rest_route=\/wp\/v2\/pages"}],"about":[{"href":"https:\/\/www.iucuellar.org\/index.php?rest_route=\/wp\/v2\/types\/page"}],"author":[{"embeddable":true,"href":"https:\/\/www.iucuellar.org\/index.php?rest_route=\/wp\/v2\/users\/1"}],"replies":[{"embeddable":true,"href":"https:\/\/www.iucuellar.org\/index.php?rest_route=%2Fwp%2Fv2%2Fcomments&post=526"}],"version-history":[{"count":41,"href":"https:\/\/www.iucuellar.org\/index.php?rest_route=\/wp\/v2\/pages\/526\/revisions"}],"predecessor-version":[{"id":579,"href":"https:\/\/www.iucuellar.org\/index.php?rest_route=\/wp\/v2\/pages\/526\/revisions\/579"}],"wp:attachment":[{"href":"https:\/\/www.iucuellar.org\/index.php?rest_route=%2Fwp%2Fv2%2Fmedia&parent=526"}],"curies":[{"name":"wp","href":"https:\/\/api.w.org\/{rel}","templated":true}]}}